{"id":402,"date":"2025-09-25T18:41:42","date_gmt":"2025-09-25T18:41:42","guid":{"rendered":"https:\/\/alraheely.com\/?page_id=402"},"modified":"2025-10-19T14:27:07","modified_gmt":"2025-10-19T14:27:07","slug":"blog","status":"publish","type":"page","link":"https:\/\/alraheely.com\/de\/blog\/","title":{"rendered":"Blog"},"content":{"rendered":"<div data-elementor-type=\"wp-page\" data-elementor-id=\"402\" class=\"elementor elementor-402\" data-elementor-post-type=\"page\">\n\t\t\t\t\t\t<section class=\"elementor-section elementor-top-section elementor-element elementor-element-3700ec9 elementor-section-boxed elementor-section-height-default elementor-section-height-default\" data-id=\"3700ec9\" data-element_type=\"section\">\n\t\t\t\t\t\t<div class=\"elementor-container elementor-column-gap-default\">\n\t\t\t\t\t<div class=\"elementor-column elementor-col-100 elementor-top-column elementor-element elementor-element-644b021\" data-id=\"644b021\" data-element_type=\"column\">\n\t\t\t<div class=\"elementor-widget-wrap elementor-element-populated\">\n\t\t\t\t\t\t<div class=\"elementor-element elementor-element-9aedf63 elementor-widget elementor-widget-html\" data-id=\"9aedf63\" data-element_type=\"widget\" data-widget_type=\"html.default\">\n\t\t\t\t<div class=\"elementor-widget-container\">\n\t\t\t\t\t<section class=\"blog-intro\">\r\n  <div class=\"blog-intro-inner\">\r\n    <h1>Unsere <span class=\"highlight-intro\">Blog<\/span><\/h1>\r\n    <p>\r\n      Einblicke, Aktualisierungen und Expertenrat von der Al Raheely Law Firm. Bleiben Sie \u00fcber die neuesten Entwicklungen in Recht, Wirtschaft und globalen Chancen informiert.\r\n    <\/p>\r\n  <\/div>\r\n<\/section>\r\n\t\t\t\t<\/div>\n\t\t\t\t<\/div>\n\t\t\t\t\t<\/div>\n\t\t<\/div>\n\t\t\t\t\t<\/div>\n\t\t<\/section>\n\t\t\t\t<section class=\"elementor-section elementor-top-section elementor-element elementor-element-872ffb6 elementor-section-boxed elementor-section-height-default elementor-section-height-default\" data-id=\"872ffb6\" data-element_type=\"section\">\n\t\t\t\t\t\t<div class=\"elementor-container elementor-column-gap-default\">\n\t\t\t\t\t<div class=\"elementor-column elementor-col-100 elementor-top-column elementor-element elementor-element-a741ffa\" data-id=\"a741ffa\" data-element_type=\"column\">\n\t\t\t<div class=\"elementor-widget-wrap elementor-element-populated\">\n\t\t\t\t\t\t<div class=\"elementor-element elementor-element-4489cab elementor-grid-eael-col-1 elementor-grid-tablet-eael-col-2 elementor-grid-mobile-eael-col-1 elementor-widget elementor-widget-eael-post-grid\" data-id=\"4489cab\" data-element_type=\"widget\" data-settings=\"{&quot;eael_post_grid_columns&quot;:&quot;eael-col-1&quot;,&quot;eael_post_grid_columns_tablet&quot;:&quot;eael-col-2&quot;,&quot;eael_post_grid_columns_mobile&quot;:&quot;eael-col-1&quot;}\" data-widget_type=\"eael-post-grid.default\">\n\t\t\t\t<div class=\"elementor-widget-container\">\n\t\t\t\t\t<div id=\"eael-post-grid-4489cab\" class=\"eael-post-grid-container\">\n            <div class=\"eael-post-grid eael-post-appender eael-post-appender-4489cab eael-post-grid-style-three\" data-layout-mode=\"grid\"><article class=\"eael-grid-post eael-post-grid-column\" data-id=\"1327\">\n        <div class=\"eael-grid-post-holder\">\n            <div class=\"eael-grid-post-holder-inner\"><div class=\"eael-entry-media\"><div class=\"eael-entry-overlay fade-in\"><i class=\"fas fa-long-arrow-alt-right\" aria-hidden=\"true\"><\/i><a href=\"https:\/\/alraheely.com\/de\/choose-your-home-in-egypt\/\"><\/a><\/div><div class=\"eael-entry-thumbnail\">\n                 <img fetchpriority=\"high\" decoding=\"async\" width=\"300\" height=\"300\" src=\"https:\/\/alraheely.com\/wp-content\/uploads\/2025\/10\/choose--300x300.webp\" class=\"attachment-medium size-medium wp-image-1341\" alt=\"\" srcset=\"https:\/\/alraheely.com\/wp-content\/uploads\/2025\/10\/choose--300x300.webp 300w, https:\/\/alraheely.com\/wp-content\/uploads\/2025\/10\/choose--150x150.webp 150w, https:\/\/alraheely.com\/wp-content\/uploads\/2025\/10\/choose--768x768.webp 768w, https:\/\/alraheely.com\/wp-content\/uploads\/2025\/10\/choose-.webp 1024w\" sizes=\"(max-width: 300px) 100vw, 300px\" \/>\n             <\/div>\n        <\/div><div class=\"eael-entry-wrapper\"><header class=\"eael-entry-header\"><h2 class=\"eael-entry-title\"><a class=\"eael-grid-post-link\" href=\"https:\/\/alraheely.com\/de\/choose-your-home-in-egypt\/\" title=\"W\u00e4hlen Sie Ihr Zuhause in \u00c4gypten\">W\u00e4hlen Sie Ihr Zuhause in \u00c4gypten<\/a><\/h2><\/header><div class=\"eael-entry-meta\"><span class=\"eael-posted-by\"><a href=\"https:\/\/alraheely.com\/de\/author\/infoalraheely-com\/\" title=\"Beitr\u00e4ge von info@alraheely.com\" rel=\"author\">info@alraheely.com<\/a><\/span><span class=\"eael-posted-on\"><time datetime=\"Oktober 6, 2025\">Oktober 6, 2025<\/time><\/span><\/div><div class=\"eael-entry-content\">\n                        <div class=\"eael-grid-post-excerpt\"><p>Ein Umzug nach \u00c4gypten war noch nie so einfach. Ganz gleich, ob Sie...<\/p><a href=\"https:\/\/alraheely.com\/de\/choose-your-home-in-egypt\/\" class=\"eael-post-elements-readmore-btn\">Mehr erfahren<\/a><\/div>\n                    <\/div><\/div><\/div>\n        <\/div>\n    <\/article><article class=\"eael-grid-post eael-post-grid-column\" data-id=\"799\">\n        <div class=\"eael-grid-post-holder\">\n            <div class=\"eael-grid-post-holder-inner\"><div class=\"eael-entry-media\"><div class=\"eael-entry-overlay fade-in\"><i class=\"fas fa-long-arrow-alt-right\" aria-hidden=\"true\"><\/i><a href=\"https:\/\/alraheely.com\/de\/legal-guidance-for-foreign-businesses-in-egypt\/\"><\/a><\/div><div class=\"eael-entry-thumbnail\">\n                 <img decoding=\"async\" width=\"300\" height=\"300\" src=\"https:\/\/alraheely.com\/wp-content\/uploads\/2025\/10\/Gemini_Generated_Image_iems6uiems6uiems-1-300x300.webp\" class=\"attachment-medium size-medium wp-image-1310\" alt=\"\" srcset=\"https:\/\/alraheely.com\/wp-content\/uploads\/2025\/10\/Gemini_Generated_Image_iems6uiems6uiems-1-300x300.webp 300w, https:\/\/alraheely.com\/wp-content\/uploads\/2025\/10\/Gemini_Generated_Image_iems6uiems6uiems-1-150x150.webp 150w, https:\/\/alraheely.com\/wp-content\/uploads\/2025\/10\/Gemini_Generated_Image_iems6uiems6uiems-1-768x768.webp 768w, https:\/\/alraheely.com\/wp-content\/uploads\/2025\/10\/Gemini_Generated_Image_iems6uiems6uiems-1.webp 1024w\" sizes=\"(max-width: 300px) 100vw, 300px\" \/>\n             <\/div>\n        <\/div><div class=\"eael-entry-wrapper\"><header class=\"eael-entry-header\"><h2 class=\"eael-entry-title\"><a class=\"eael-grid-post-link\" href=\"https:\/\/alraheely.com\/de\/legal-guidance-for-foreign-businesses-in-egypt\/\" title=\"Rechtliche Beratung f\u00fcr ausl\u00e4ndische Unternehmen in \u00c4gypten\">Rechtliche Beratung f\u00fcr ausl\u00e4ndische Unternehmen in \u00c4gypten<\/a><\/h2><\/header><div class=\"eael-entry-meta\"><span class=\"eael-posted-by\"><a href=\"https:\/\/alraheely.com\/de\/author\/infoalraheely-com\/\" title=\"Beitr\u00e4ge von info@alraheely.com\" rel=\"author\">info@alraheely.com<\/a><\/span><span class=\"eael-posted-on\"><time datetime=\"Oktober 2, 2025\">Oktober 2, 2025<\/time><\/span><\/div><div class=\"eael-entry-content\">\n                        <div class=\"eael-grid-post-excerpt\"><p>Umfassende juristische Dienstleistungen f\u00fcr ausl\u00e4ndische Unternehmen, die ihre Gesch\u00e4ftst\u00e4tigkeit in \u00c4gypten aufnehmen.<\/p><a href=\"https:\/\/alraheely.com\/de\/legal-guidance-for-foreign-businesses-in-egypt\/\" class=\"eael-post-elements-readmore-btn\">Mehr erfahren<\/a><\/div>\n                    <\/div><\/div><\/div>\n        <\/div>\n    <\/article><article class=\"eael-grid-post eael-post-grid-column\" data-id=\"796\">\n        <div class=\"eael-grid-post-holder\">\n            <div class=\"eael-grid-post-holder-inner\"><div class=\"eael-entry-media\"><div class=\"eael-entry-overlay fade-in\"><i class=\"fas fa-long-arrow-alt-right\" aria-hidden=\"true\"><\/i><a href=\"https:\/\/alraheely.com\/de\/why-international-investors-choose-egypt\/\"><\/a><\/div><div class=\"eael-entry-thumbnail\">\n                 <img decoding=\"async\" width=\"300\" height=\"300\" src=\"https:\/\/alraheely.com\/wp-content\/uploads\/2025\/10\/International-Investors-Choose-Egypt-1-1-300x300.webp\" class=\"attachment-medium size-medium wp-image-1159\" alt=\"\" srcset=\"https:\/\/alraheely.com\/wp-content\/uploads\/2025\/10\/International-Investors-Choose-Egypt-1-1-300x300.webp 300w, https:\/\/alraheely.com\/wp-content\/uploads\/2025\/10\/International-Investors-Choose-Egypt-1-1-150x150.webp 150w, https:\/\/alraheely.com\/wp-content\/uploads\/2025\/10\/International-Investors-Choose-Egypt-1-1-768x768.webp 768w, https:\/\/alraheely.com\/wp-content\/uploads\/2025\/10\/International-Investors-Choose-Egypt-1-1.webp 1024w\" sizes=\"(max-width: 300px) 100vw, 300px\" \/>\n             <\/div>\n        <\/div><div class=\"eael-entry-wrapper\"><header class=\"eael-entry-header\"><h2 class=\"eael-entry-title\"><a class=\"eael-grid-post-link\" href=\"https:\/\/alraheely.com\/de\/why-international-investors-choose-egypt\/\" title=\"Warum internationale Investoren \u00c4gypten w\u00e4hlen?\">Warum internationale Investoren \u00c4gypten w\u00e4hlen?<\/a><\/h2><\/header><div class=\"eael-entry-meta\"><span class=\"eael-posted-by\"><a href=\"https:\/\/alraheely.com\/de\/author\/infoalraheely-com\/\" title=\"Beitr\u00e4ge von info@alraheely.com\" rel=\"author\">info@alraheely.com<\/a><\/span><span class=\"eael-posted-on\"><time datetime=\"Oktober 2, 2025\">Oktober 2, 2025<\/time><\/span><\/div><div class=\"eael-entry-content\">\n                        <div class=\"eael-grid-post-excerpt\"><p>Erfahren Sie, warum \u00c4gypten weiterhin ein vertrauensw\u00fcrdiges Ziel f\u00fcr internationale Investoren ist...<\/p><a href=\"https:\/\/alraheely.com\/de\/why-international-investors-choose-egypt\/\" class=\"eael-post-elements-readmore-btn\">Mehr erfahren<\/a><\/div>\n                    <\/div><\/div><\/div>\n        <\/div>\n    <\/article><article class=\"eael-grid-post eael-post-grid-column\" data-id=\"793\">\n        <div class=\"eael-grid-post-holder\">\n            <div class=\"eael-grid-post-holder-inner\"><div class=\"eael-entry-media\"><div class=\"eael-entry-overlay fade-in\"><i class=\"fas fa-long-arrow-alt-right\" aria-hidden=\"true\"><\/i><a href=\"https:\/\/alraheely.com\/de\/opportunities-in-the-mining-sector\/\"><\/a><\/div><div class=\"eael-entry-thumbnail\">\n                 <img loading=\"lazy\" decoding=\"async\" width=\"300\" height=\"300\" src=\"https:\/\/alraheely.com\/wp-content\/uploads\/2025\/10\/Opportunities-in-the-Mining-Sector-in-egypt-make-photo-1-300x300.webp\" class=\"attachment-medium size-medium wp-image-1164\" alt=\"\" srcset=\"https:\/\/alraheely.com\/wp-content\/uploads\/2025\/10\/Opportunities-in-the-Mining-Sector-in-egypt-make-photo-1-300x300.webp 300w, https:\/\/alraheely.com\/wp-content\/uploads\/2025\/10\/Opportunities-in-the-Mining-Sector-in-egypt-make-photo-1-150x150.webp 150w, https:\/\/alraheely.com\/wp-content\/uploads\/2025\/10\/Opportunities-in-the-Mining-Sector-in-egypt-make-photo-1-768x768.webp 768w, https:\/\/alraheely.com\/wp-content\/uploads\/2025\/10\/Opportunities-in-the-Mining-Sector-in-egypt-make-photo-1.webp 1024w\" sizes=\"(max-width: 300px) 100vw, 300px\" \/>\n             <\/div>\n        <\/div><div class=\"eael-entry-wrapper\"><header class=\"eael-entry-header\"><h2 class=\"eael-entry-title\"><a class=\"eael-grid-post-link\" href=\"https:\/\/alraheely.com\/de\/opportunities-in-the-mining-sector\/\" title=\"Chancen im Bergbausektor\">Chancen im Bergbausektor<\/a><\/h2><\/header><div class=\"eael-entry-meta\"><span class=\"eael-posted-by\"><a href=\"https:\/\/alraheely.com\/de\/author\/infoalraheely-com\/\" title=\"Beitr\u00e4ge von info@alraheely.com\" rel=\"author\">info@alraheely.com<\/a><\/span><span class=\"eael-posted-on\"><time datetime=\"Oktober 2, 2025\">Oktober 2, 2025<\/time><\/span><\/div><div class=\"eael-entry-content\">\n                        <div class=\"eael-grid-post-excerpt\"><p>\u00c4gypten ist eines der rohstoffreichsten L\u00e4nder in der Region...<\/p><a href=\"https:\/\/alraheely.com\/de\/opportunities-in-the-mining-sector\/\" class=\"eael-post-elements-readmore-btn\">Mehr erfahren<\/a><\/div>\n                    <\/div><\/div><\/div>\n        <\/div>\n    <\/article><\/div>\n            <div class=\"clearfix\"><\/div>\n        <\/div>            <div class=\"eael-load-more-button-wrap eael-infinity-scroll\" data-offset=\"-200\">\n                <button class=\"eael-load-more-button\" id=\"eael-load-more-btn-4489cab\" data-widget-id=\"4489cab\" data-widget=\"4489cab\" data-page-id=\"402\" data-template=\"{&quot;dir&quot;:&quot;lite&quot;,&quot;file_name&quot;:&quot;three.php&quot;,&quot;name&quot;:&quot;Post-Grid&quot;}\" data-class=\"Essential_Addons_Elementor\\Elements\\Post_Grid\" data-layout=\"grid\" data-page=\"1\" data-args=\"orderby=date&amp;order=desc&amp;ignore_sticky_posts=1&amp;post_status=publish&amp;posts_per_page=4&amp;offset=0&amp;post_type=post\" data-max-page=\"2\">\n                    <span class=\"eael-btn-loader button__loader\"><\/span>\n                    <span class=\"eael_load_more_text\">Load More<\/span>\n                <\/button>\n            <\/div>\n            \t\t\t\t<\/div>\n\t\t\t\t<\/div>\n\t\t\t\t\t<\/div>\n\t\t<\/div>\n\t\t\t\t\t<\/div>\n\t\t<\/section>\n\t\t\t\t<\/div>","protected":false},"excerpt":{"rendered":"<p>Our Blog Insights, updates, and expert advice from Al Raheely Law Firm. Stay informed about the latest in law, business, and global opportunities. Choose Your Home in Egypt info@alraheely.comOctober 6, 2025 Relocating to Egypt has never been easier. Whether you are&#8230; Read More Legal Guidance for Foreign Businesses in Egypt info@alraheely.comOctober 2, 2025 Comprehensive legal [&hellip;]<\/p>","protected":false},"author":1,"featured_media":0,"parent":0,"menu_order":0,"comment_status":"closed","ping_status":"closed","template":"elementor_header_footer","meta":{"_joinchat":[],"footnotes":""},"class_list":["post-402","page","type-page","status-publish","hentry"],"blocksy_meta":[],"yoast_head":"<!-- This site is optimized with the Yoast SEO plugin v26.1.1 - https:\/\/yoast.com\/wordpress\/plugins\/seo\/ -->\n<title>Blog - Trusted Legal Excellence with 16+ years of experience, serving Egypt, the Gulf &amp; Europe \u2014 accredited by German, Swiss &amp; Austrian embassies.<\/title>\n<meta name=\"robots\" content=\"index, follow, max-snippet:-1, max-image-preview:large, max-video-preview:-1\" \/>\n<link rel=\"canonical\" href=\"https:\/\/alraheely.com\/de\/blog\/\" \/>\n<meta property=\"og:locale\" content=\"de_DE\" \/>\n<meta property=\"og:type\" content=\"article\" \/>\n<meta property=\"og:title\" content=\"Blog - Trusted Legal Excellence with 16+ years of experience, serving Egypt, the Gulf &amp; Europe \u2014 accredited by German, Swiss &amp; Austrian embassies.\" \/>\n<meta property=\"og:description\" content=\"Our Blog Insights, updates, and expert advice from Al Raheely Law Firm. Stay informed about the latest in law, business, and global opportunities. Choose Your Home in Egypt info@alraheely.comOctober 6, 2025 Relocating to Egypt has never been easier. Whether you are&#8230; Read More Legal Guidance for Foreign Businesses in Egypt info@alraheely.comOctober 2, 2025 Comprehensive legal [&hellip;]\" \/>\n<meta property=\"og:url\" content=\"https:\/\/alraheely.com\/de\/blog\/\" \/>\n<meta property=\"og:site_name\" content=\"AL Raheely\" \/>\n<meta property=\"article:modified_time\" content=\"2025-10-19T14:27:07+00:00\" \/>\n<meta property=\"og:image\" content=\"https:\/\/alraheely.com\/wp-content\/uploads\/2025\/10\/choose-.webp\" \/>\n\t<meta property=\"og:image:width\" content=\"1024\" \/>\n\t<meta property=\"og:image:height\" content=\"1024\" \/>\n\t<meta property=\"og:image:type\" content=\"image\/webp\" \/>\n<meta name=\"twitter:card\" content=\"summary_large_image\" \/>\n<meta name=\"twitter:label1\" content=\"Gesch\u00e4tzte Lesezeit\" \/>\n\t<meta name=\"twitter:data1\" content=\"2\u00a0Minuten\" \/>\n<script type=\"application\/ld+json\" class=\"yoast-schema-graph\">{\"@context\":\"https:\/\/schema.org\",\"@graph\":[{\"@type\":\"WebPage\",\"@id\":\"https:\/\/alraheely.com\/blog\/\",\"url\":\"https:\/\/alraheely.com\/blog\/\",\"name\":\"Blog - Trusted Legal Excellence with 16+ years of experience, serving Egypt, the Gulf &amp; Europe \u2014 accredited by German, Swiss &amp; Austrian embassies.\",\"isPartOf\":{\"@id\":\"https:\/\/alraheely.com\/#website\"},\"primaryImageOfPage\":{\"@id\":\"https:\/\/alraheely.com\/blog\/#primaryimage\"},\"image\":{\"@id\":\"https:\/\/alraheely.com\/blog\/#primaryimage\"},\"thumbnailUrl\":\"https:\/\/alraheely.com\/wp-content\/uploads\/2025\/10\/choose--300x300.webp\",\"datePublished\":\"2025-09-25T18:41:42+00:00\",\"dateModified\":\"2025-10-19T14:27:07+00:00\",\"breadcrumb\":{\"@id\":\"https:\/\/alraheely.com\/blog\/#breadcrumb\"},\"inLanguage\":\"de\",\"potentialAction\":[{\"@type\":\"ReadAction\",\"target\":[\"https:\/\/alraheely.com\/blog\/\"]}]},{\"@type\":\"ImageObject\",\"inLanguage\":\"de\",\"@id\":\"https:\/\/alraheely.com\/blog\/#primaryimage\",\"url\":\"https:\/\/alraheely.com\/wp-content\/uploads\/2025\/10\/choose--300x300.webp\",\"contentUrl\":\"https:\/\/alraheely.com\/wp-content\/uploads\/2025\/10\/choose--300x300.webp\"},{\"@type\":\"BreadcrumbList\",\"@id\":\"https:\/\/alraheely.com\/blog\/#breadcrumb\",\"itemListElement\":[{\"@type\":\"ListItem\",\"position\":1,\"name\":\"Home\",\"item\":\"https:\/\/alraheely.com\/\"},{\"@type\":\"ListItem\",\"position\":2,\"name\":\"Blog\"}]},{\"@type\":\"WebSite\",\"@id\":\"https:\/\/alraheely.com\/#website\",\"url\":\"https:\/\/alraheely.com\/\",\"name\":\"Al Raheely Law Firm\",\"description\":\"Trusted Legal Excellence with 16+ years of experience, serving Egypt, the Gulf &amp; Europe \u2014 accredited by German, Swiss &amp; Austrian embassies.\",\"publisher\":{\"@id\":\"https:\/\/alraheely.com\/#organization\"},\"alternateName\":\"Al Raheely\",\"potentialAction\":[{\"@type\":\"SearchAction\",\"target\":{\"@type\":\"EntryPoint\",\"urlTemplate\":\"https:\/\/alraheely.com\/?s={search_term_string}\"},\"query-input\":{\"@type\":\"PropertyValueSpecification\",\"valueRequired\":true,\"valueName\":\"search_term_string\"}}],\"inLanguage\":\"de\"},{\"@type\":\"Organization\",\"@id\":\"https:\/\/alraheely.com\/#organization\",\"name\":\"Al Raheely Law Firm\",\"url\":\"https:\/\/alraheely.com\/\",\"logo\":{\"@type\":\"ImageObject\",\"inLanguage\":\"de\",\"@id\":\"https:\/\/alraheely.com\/#\/schema\/logo\/image\/\",\"url\":\"https:\/\/alraheely.com\/wp-content\/uploads\/2025\/10\/\u0644\u0648\u062c\u0648-1.png\",\"contentUrl\":\"https:\/\/alraheely.com\/wp-content\/uploads\/2025\/10\/\u0644\u0648\u062c\u0648-1.png\",\"width\":500,\"height\":366,\"caption\":\"Al Raheely Law Firm\"},\"image\":{\"@id\":\"https:\/\/alraheely.com\/#\/schema\/logo\/image\/\"}}]}<\/script>\n<!-- \/ Yoast SEO plugin. -->","yoast_head_json":{"title":"Blog - Trusted Legal Excellence with 16+ years of experience, serving Egypt, the Gulf &amp; Europe \u2014 accredited by German, Swiss &amp; Austrian embassies.","robots":{"index":"index","follow":"follow","max-snippet":"max-snippet:-1","max-image-preview":"max-image-preview:large","max-video-preview":"max-video-preview:-1"},"canonical":"https:\/\/alraheely.com\/de\/blog\/","og_locale":"de_DE","og_type":"article","og_title":"Blog - Trusted Legal Excellence with 16+ years of experience, serving Egypt, the Gulf &amp; Europe \u2014 accredited by German, Swiss &amp; Austrian embassies.","og_description":"Our Blog Insights, updates, and expert advice from Al Raheely Law Firm. Stay informed about the latest in law, business, and global opportunities. Choose Your Home in Egypt info@alraheely.comOctober 6, 2025 Relocating to Egypt has never been easier. Whether you are&#8230; Read More Legal Guidance for Foreign Businesses in Egypt info@alraheely.comOctober 2, 2025 Comprehensive legal [&hellip;]","og_url":"https:\/\/alraheely.com\/de\/blog\/","og_site_name":"AL Raheely","article_modified_time":"2025-10-19T14:27:07+00:00","og_image":[{"width":1024,"height":1024,"url":"https:\/\/alraheely.com\/wp-content\/uploads\/2025\/10\/choose-.webp","type":"image\/webp"}],"twitter_card":"summary_large_image","twitter_misc":{"Gesch\u00e4tzte Lesezeit":"2\u00a0Minuten"},"schema":{"@context":"https:\/\/schema.org","@graph":[{"@type":"WebPage","@id":"https:\/\/alraheely.com\/blog\/","url":"https:\/\/alraheely.com\/blog\/","name":"Blog - Trusted Legal Excellence with 16+ years of experience, serving Egypt, the Gulf &amp; Europe \u2014 accredited by German, Swiss &amp; Austrian embassies.","isPartOf":{"@id":"https:\/\/alraheely.com\/#website"},"primaryImageOfPage":{"@id":"https:\/\/alraheely.com\/blog\/#primaryimage"},"image":{"@id":"https:\/\/alraheely.com\/blog\/#primaryimage"},"thumbnailUrl":"https:\/\/alraheely.com\/wp-content\/uploads\/2025\/10\/choose--300x300.webp","datePublished":"2025-09-25T18:41:42+00:00","dateModified":"2025-10-19T14:27:07+00:00","breadcrumb":{"@id":"https:\/\/alraheely.com\/blog\/#breadcrumb"},"inLanguage":"de","potentialAction":[{"@type":"ReadAction","target":["https:\/\/alraheely.com\/blog\/"]}]},{"@type":"ImageObject","inLanguage":"de","@id":"https:\/\/alraheely.com\/blog\/#primaryimage","url":"https:\/\/alraheely.com\/wp-content\/uploads\/2025\/10\/choose--300x300.webp","contentUrl":"https:\/\/alraheely.com\/wp-content\/uploads\/2025\/10\/choose--300x300.webp"},{"@type":"BreadcrumbList","@id":"https:\/\/alraheely.com\/blog\/#breadcrumb","itemListElement":[{"@type":"ListItem","position":1,"name":"Home","item":"https:\/\/alraheely.com\/"},{"@type":"ListItem","position":2,"name":"Blog"}]},{"@type":"WebSite","@id":"https:\/\/alraheely.com\/#website","url":"https:\/\/alraheely.com\/","name":"der Al Raheely Law Firm","description":"Trusted Legal Excellence with 16+ years of experience, serving Egypt, the Gulf &amp; Europe \u2014 accredited by German, Swiss &amp; Austrian embassies.","publisher":{"@id":"https:\/\/alraheely.com\/#organization"},"alternateName":"Al Raheely","potentialAction":[{"@type":"SearchAction","target":{"@type":"EntryPoint","urlTemplate":"https:\/\/alraheely.com\/?s={search_term_string}"},"query-input":{"@type":"PropertyValueSpecification","valueRequired":true,"valueName":"search_term_string"}}],"inLanguage":"de"},{"@type":"Organization","@id":"https:\/\/alraheely.com\/#organization","name":"der Al Raheely Law Firm","url":"https:\/\/alraheely.com\/","logo":{"@type":"ImageObject","inLanguage":"de","@id":"https:\/\/alraheely.com\/#\/schema\/logo\/image\/","url":"https:\/\/alraheely.com\/wp-content\/uploads\/2025\/10\/\u0644\u0648\u062c\u0648-1.png","contentUrl":"https:\/\/alraheely.com\/wp-content\/uploads\/2025\/10\/\u0644\u0648\u062c\u0648-1.png","width":500,"height":366,"caption":"Al Raheely Law Firm"},"image":{"@id":"https:\/\/alraheely.com\/#\/schema\/logo\/image\/"}}]}},"_links":{"self":[{"href":"https:\/\/alraheely.com\/de\/wp-json\/wp\/v2\/pages\/402","targetHints":{"allow":["GET"]}}],"collection":[{"href":"https:\/\/alraheely.com\/de\/wp-json\/wp\/v2\/pages"}],"about":[{"href":"https:\/\/alraheely.com\/de\/wp-json\/wp\/v2\/types\/page"}],"author":[{"embeddable":true,"href":"https:\/\/alraheely.com\/de\/wp-json\/wp\/v2\/users\/1"}],"replies":[{"embeddable":true,"href":"https:\/\/alraheely.com\/de\/wp-json\/wp\/v2\/comments?post=402"}],"version-history":[{"count":6,"href":"https:\/\/alraheely.com\/de\/wp-json\/wp\/v2\/pages\/402\/revisions"}],"predecessor-version":[{"id":1786,"href":"https:\/\/alraheely.com\/de\/wp-json\/wp\/v2\/pages\/402\/revisions\/1786"}],"wp:attachment":[{"href":"https:\/\/alraheely.com\/de\/wp-json\/wp\/v2\/media?parent=402"}],"curies":[{"name":"wp","href":"https:\/\/api.w.org\/{rel}","templated":true}]}}