{"id":400,"date":"2025-09-25T18:41:31","date_gmt":"2025-09-25T18:41:31","guid":{"rendered":"https:\/\/alraheely.com\/?page_id=400"},"modified":"2025-10-04T14:10:19","modified_gmt":"2025-10-04T14:10:19","slug":"investment","status":"publish","type":"page","link":"https:\/\/alraheely.com\/de\/investment\/","title":{"rendered":"Investition"},"content":{"rendered":"<div data-elementor-type=\"wp-page\" data-elementor-id=\"400\" class=\"elementor elementor-400\" data-elementor-post-type=\"page\">\n\t\t\t\t\t\t<section class=\"elementor-section elementor-top-section elementor-element elementor-element-6d52003 elementor-section-boxed elementor-section-height-default elementor-section-height-default\" data-id=\"6d52003\" data-element_type=\"section\">\n\t\t\t\t\t\t<div class=\"elementor-container elementor-column-gap-default\">\n\t\t\t\t\t<div class=\"elementor-column elementor-col-100 elementor-top-column elementor-element elementor-element-52e915c\" data-id=\"52e915c\" data-element_type=\"column\">\n\t\t\t<div class=\"elementor-widget-wrap elementor-element-populated\">\n\t\t\t\t\t\t<div class=\"elementor-element elementor-element-7eb89d3 elementor-widget elementor-widget-html\" data-id=\"7eb89d3\" data-element_type=\"widget\" data-widget_type=\"html.default\">\n\t\t\t\t<div class=\"elementor-widget-container\">\n\t\t\t\t\t<section class=\"investment-intro\">\r\n  <div class=\"investment-intro-inner\">\r\n    <h1>\r\n      Intelligente <span class=\"highlight-intro\">Investition<\/span> sl\u00f6sungen\r\n    <\/h1>\r\n    <p>\r\n      Bei Al Raheely Law Firm bieten wir Investoren vertrauensw\u00fcrdige rechtliche Rahmenbedingungen und ma\u00dfgeschneiderte Beratung, die sichere und rentable Investitionsm\u00f6glichkeiten in \u00c4gypten, dem Golf und Europa gew\u00e4hrleisten.\r\n    <\/p>\r\n\r\n  <\/div>\r\n<\/section>\r\n\t\t\t\t<\/div>\n\t\t\t\t<\/div>\n\t\t\t\t\t<\/div>\n\t\t<\/div>\n\t\t\t\t\t<\/div>\n\t\t<\/section>\n\t\t\t\t<section class=\"elementor-section elementor-top-section elementor-element elementor-element-0b20a5a elementor-section-boxed elementor-section-height-default elementor-section-height-default\" data-id=\"0b20a5a\" data-element_type=\"section\">\n\t\t\t\t\t\t<div class=\"elementor-container elementor-column-gap-default\">\n\t\t\t\t\t<div class=\"elementor-column elementor-col-100 elementor-top-column elementor-element elementor-element-d3ba67c\" data-id=\"d3ba67c\" data-element_type=\"column\">\n\t\t\t<div class=\"elementor-widget-wrap elementor-element-populated\">\n\t\t\t\t\t\t<div class=\"elementor-element elementor-element-81ddafd elementor-widget elementor-widget-html\" data-id=\"81ddafd\" data-element_type=\"widget\" data-widget_type=\"html.default\">\n\t\t\t\t<div class=\"elementor-widget-container\">\n\t\t\t\t\t<section class=\"investment-sectors\">\r\n  <div class=\"sectors-container\">\r\n    <h2 class=\"section-title\">Investitionssektoren<\/h2>\r\n    <p class=\"section-subtitle\">Entdecken Sie vielf\u00e4ltige Investitionsm\u00f6glichkeiten in \u00c4gypten und der gesamten Region.<\/p>\r\n\r\n    <div class=\"sectors-grid\">\r\n      <div class=\"sector-cell\">\r\n        <i class=\"fas fa-seedling\"><\/i>\r\n        <h3>Landwirtschaft<\/h3>\r\n        <p>Chancen f\u00fcr Landgewinnung, Landwirtschaft und exportorientierte Agrarprojekte.<\/p>\r\n      <\/div>\r\n\r\n      <div class=\"sector-cell\">\r\n        <i class=\"fas fa-gem\"><\/i>\r\n        <h3>Bergbau<\/h3>\r\n        <p>Investitionen in die Bereiche Mineralien, Marmor, Granit und Gold in ganz \u00c4gypten.<\/p>\r\n      <\/div>\r\n\r\n      <div class=\"sector-cell\">\r\n        <i class=\"fas fa-hotel\"><\/i>\r\n        <h3>Tourismus &amp; Immobilien<\/h3>\r\n        <p>Hochkar\u00e4tige Projekte im Bereich Tourismus, Hotels und Immobilienentwicklung.<\/p>\r\n      <\/div>\r\n\r\n      <div class=\"sector-cell\">\r\n        <i class=\"fas fa-solar-panel\"><\/i>\r\n        <h3>Energie &amp; Erneuerbare Energien<\/h3>\r\n        <p>Initiativen f\u00fcr gr\u00fcne Energie, Solarenergie und nachhaltige Energiel\u00f6sungen.<\/p>\r\n      <\/div>\r\n\r\n      <div class=\"sector-cell\">\r\n        <i class=\"fas fa-industry\"><\/i>\r\n        <h3>Industriezonen<\/h3>\r\n        <p>Fertigungs- und Produktionsm\u00f6glichkeiten in spezialisierten und freien Industriegebieten.<\/p>\r\n      <\/div>\r\n\r\n      <div class=\"sector-cell\">\r\n        <i class=\"fas fa-road\"><\/i>\r\n        <h3>Infrastruktur<\/h3>\r\n        <p>Investitionen in Stra\u00dfen-, Hafen- und Verkehrs\u00adinfrastrukturprojekte.<\/p>\r\n      <\/div>\r\n    <\/div>\r\n  <\/div>\r\n<\/section>\r\n\t\t\t\t<\/div>\n\t\t\t\t<\/div>\n\t\t\t\t\t<\/div>\n\t\t<\/div>\n\t\t\t\t\t<\/div>\n\t\t<\/section>\n\t\t\t\t<section class=\"elementor-section elementor-top-section elementor-element elementor-element-312bf95 elementor-section-boxed elementor-section-height-default elementor-section-height-default\" data-id=\"312bf95\" data-element_type=\"section\">\n\t\t\t\t\t\t<div class=\"elementor-container elementor-column-gap-default\">\n\t\t\t\t\t<div class=\"elementor-column elementor-col-100 elementor-top-column elementor-element elementor-element-8ab9af4\" data-id=\"8ab9af4\" data-element_type=\"column\">\n\t\t\t<div class=\"elementor-widget-wrap elementor-element-populated\">\n\t\t\t\t\t\t<div class=\"elementor-element elementor-element-db34903 elementor-widget elementor-widget-html\" data-id=\"db34903\" data-element_type=\"widget\" data-widget_type=\"html.default\">\n\t\t\t\t<div class=\"elementor-widget-container\">\n\t\t\t\t\t<link rel=\"stylesheet\" href=\"https:\/\/cdnjs.cloudflare.com\/ajax\/libs\/font-awesome\/6.4.0\/css\/all.min.css\">\r\n\r\n<section class=\"why-invest\">\r\n  <div class=\"why-container\">\r\n    <h2 class=\"section-title\">Warum mit Al Raheely <span class=\"highlight\">investieren<\/span>?<\/h2>\r\n    <p class=\"section-subtitle\">\r\n      Die Al Raheely Law Firm ist Ihr vertrauensw\u00fcrdiger Partner f\u00fcr sichere und rentable Investitionen.\nWir bieten un\u00fcbertroffene Fachkompetenz, internationale Anerkennung und kundenorientierte Strategien.\r\n    <\/p>\r\n\r\n    <div class=\"why-grid\">\r\n\r\n      <div class=\"why-card\">\r\n        <i class=\"fas fa-handshake\"><\/i>\r\n        <h3>Vertrauensw\u00fcrdiger Rechtspartner<\/h3>\r\n        <p>Mit \u00fcber 16 Jahren Erfahrung bieten wir transparente und verl\u00e4ssliche rechtliche Beratung.<\/p>\r\n      <\/div>\r\n\r\n      <div class=\"why-card\">\r\n        <i class=\"fas fa-balance-scale\"><\/i>\r\n        <h3>Starkes rechtliches Fundament<\/h3>\r\n        <p>Wir gew\u00e4hrleisten, dass Ihre Investitionen gem\u00e4\u00df internationalen Standards gesch\u00fctzt sind.<\/p>\r\n      <\/div>\r\n\r\n      <div class=\"why-card\">\r\n        <i class=\"fas fa-users\"><\/i>\r\n        <h3>Kundenorientierter Ansatz<\/h3>\r\n        <p>Ma\u00dfgeschneiderte L\u00f6sungen, die darauf ausgelegt sind, optimale Ergebnisse f\u00fcr Privatpersonen und Unternehmen zu erzielen.<\/p>\r\n      <\/div>\r\n\r\n      <div class=\"why-card\">\r\n        <i class=\"fas fa-globe\"><\/i>\r\n        <h3>Internationale Anerkennung<\/h3>\r\n        <p>Anerkannt von deutschen, schweizerischen und \u00f6sterreichischen Botschaften mit weltweiter Glaubw\u00fcrdigkeit.<\/p>\r\n      <\/div>\r\n\r\n    <\/div>\r\n  <\/div>\r\n<\/section>\r\n\t\t\t\t<\/div>\n\t\t\t\t<\/div>\n\t\t\t\t\t<\/div>\n\t\t<\/div>\n\t\t\t\t\t<\/div>\n\t\t<\/section>\n\t\t\t\t<section class=\"elementor-section elementor-top-section elementor-element elementor-element-05fed74 elementor-section-boxed elementor-section-height-default elementor-section-height-default\" data-id=\"05fed74\" data-element_type=\"section\">\n\t\t\t\t\t\t<div class=\"elementor-container elementor-column-gap-default\">\n\t\t\t\t\t<div class=\"elementor-column elementor-col-100 elementor-top-column elementor-element elementor-element-004d92e\" data-id=\"004d92e\" data-element_type=\"column\">\n\t\t\t<div class=\"elementor-widget-wrap elementor-element-populated\">\n\t\t\t\t\t\t<div class=\"elementor-element elementor-element-f7a7072 elementor-widget elementor-widget-html\" data-id=\"f7a7072\" data-element_type=\"widget\" data-widget_type=\"html.default\">\n\t\t\t\t<div class=\"elementor-widget-container\">\n\t\t\t\t\t<section class=\"investment-steps\">\r\n  <div class=\"steps-container\">\r\n    <h2 class=\"section-title\">Unsere Investitionsprozesse<\/h2>\r\n    <div class=\"steps-grid\">\r\n\r\n      <div class=\"step-card\">\r\n        <span class=\"number\">01<\/span>\r\n        <p>Erstberatung, um Ihre Investitionsziele und Anforderungen zu verstehen.<\/p>\r\n      <\/div>\r\n\r\n      <div class=\"step-card\">\r\n        <span class=\"number\">02<\/span>\r\n        <p>Umfassende Due-Diligence-Pr\u00fcfung, die rechtliche, finanzielle und regulatorische Aspekte abdeckt.<\/p>\r\n      <\/div>\r\n\r\n      <div class=\"step-card\">\r\n        <span class=\"number\">03<\/span>\r\n        <p>Strukturierung und Erstellung von Vereinbarungen, die auf Ihre Investitionsbed\u00fcrfnisse zugeschnitten sind.<\/p>\r\n      <\/div>\r\n\r\n      <div class=\"step-card\">\r\n        <span class=\"number\">04<\/span>\r\n        <p>Umsetzung der Vereinbarungen und Koordination mit den zust\u00e4ndigen Beh\u00f6rden.<\/p>\r\n      <\/div>\r\n\r\n      <div class=\"step-card\">\r\n        <span class=\"number\">05<\/span>\r\n        <p>\u00dcberwachung und Verwaltung Ihres Investitionsprozesses f\u00fcr reibungslose Abl\u00e4ufe.<\/p>\r\n      <\/div>\r\n\r\n      <div class=\"step-card\">\r\n        <span class=\"number\">06<\/span>\r\n        <p>Kontinuierliche Unterst\u00fctzung und strategische Beratung, um langfristigen Erfolg zu gew\u00e4hrleisten.<\/p>\r\n      <\/div>\r\n\r\n    <\/div>\r\n  <\/div>\r\n<\/section>\r\n\t\t\t\t<\/div>\n\t\t\t\t<\/div>\n\t\t\t\t\t<\/div>\n\t\t<\/div>\n\t\t\t\t\t<\/div>\n\t\t<\/section>\n\t\t\t\t<section class=\"elementor-section elementor-top-section elementor-element elementor-element-b344091 elementor-section-boxed elementor-section-height-default elementor-section-height-default\" data-id=\"b344091\" data-element_type=\"section\">\n\t\t\t\t\t\t<div class=\"elementor-container elementor-column-gap-default\">\n\t\t\t\t\t<div class=\"elementor-column elementor-col-100 elementor-top-column elementor-element elementor-element-4c667ed\" data-id=\"4c667ed\" data-element_type=\"column\">\n\t\t\t<div class=\"elementor-widget-wrap elementor-element-populated\">\n\t\t\t\t\t\t<div class=\"elementor-element elementor-element-9026a7e elementor-widget elementor-widget-html\" data-id=\"9026a7e\" data-element_type=\"widget\" data-widget_type=\"html.default\">\n\t\t\t\t<div class=\"elementor-widget-container\">\n\t\t\t\t\t<link rel=\"stylesheet\" href=\"https:\/\/cdnjs.cloudflare.com\/ajax\/libs\/font-awesome\/6.4.0\/css\/all.min.css\">\r\n\r\n<section class=\"statistics\">\r\n  <div class=\"statistics-container\">\r\n\r\n    <h2 class=\"section-title-investment\">Unsere globale Erfolgsbilanz<\/h2>\r\n    <p class=\"section-subtitle\">\r\n      Bei Al Raheely Law Firm messen wir unseren Erfolg an nachgewiesenen Ergebnissen, langj\u00e4hrigen Partnerschaften und einer stetig wachsenden globalen Pr\u00e4senz.\nDiese Zahlen spiegeln das Vertrauen unserer Mandanten und die St\u00e4rke unserer Fachkompetenz wider.\r\n    <\/p>\r\n\r\n    <div class=\"statistics-grid\">\r\n\r\n      <div class=\"stat-card\">\r\n        <i class=\"fas fa-briefcase\"><\/i>\r\n        <h3 class=\"counter\" data-target=\"16\">450<\/h3>\r\n        <p>Jahre juristische Exzellenz<\/p>\r\n      <\/div>\r\n\r\n      <div class=\"stat-card\">\r\n        <i class=\"fas fa-handshake\"><\/i>\r\n        <h3 class=\"counter\" data-target=\"120\">200<\/h3>\r\n        <p>strategische Partnerschaften<\/p>\r\n      <\/div>\r\n\r\n      <div class=\"stat-card\">\r\n        <i class=\"fas fa-users\"><\/i>\r\n        <h3 class=\"counter\" data-target=\"800\">4000<\/h3>\r\n        <p>betreute Mandanten weltweit<\/p>\r\n      <\/div>\r\n\r\n      <div class=\"stat-card\">\r\n        <i class=\"fas fa-globe\"><\/i>\r\n        <h3 class=\"counter\" data-target=\"10\">100<\/h3>\r\n        <p>L\u00e4nder, in denen wir t\u00e4tig sind<\/p>\r\n      <\/div>\r\n\r\n    <\/div>\r\n  <\/div>\r\n<\/section>\r\n\r\n<script>\r\n  const counters2 = document.querySelectorAll('.statistics .counter');\r\n  const speed2 = 150;\r\n\r\n  const animateStats = () => {\r\n    counters2.forEach(counter => {\r\n      const updateCount = () => {\r\n        const target = +counter.getAttribute('data-target');\r\n        const count = +counter.innerText;\r\n        const increment = Math.ceil(target \/ speed2);\r\n\r\n        if (count < target) {\r\n          counter.innerText = count + increment;\r\n          setTimeout(updateCount, 20);\r\n        } else {\r\n          counter.innerText = target;\r\n        }\r\n      };\r\n      updateCount();\r\n    });\r\n  };\r\n\r\n  const statsSection = document.querySelector('.statistics');\r\n  const observer2 = new IntersectionObserver((entries) => {\r\n    if (entries[0].isIntersecting) {\r\n      animateStats();\r\n      observer2.unobserve(statsSection);\r\n    }\r\n  }, { threshold: 0.5 });\r\n\r\n  observer2.observe(statsSection);\r\n<\/script>\r\n\t\t\t\t<\/div>\n\t\t\t\t<\/div>\n\t\t\t\t\t<\/div>\n\t\t<\/div>\n\t\t\t\t\t<\/div>\n\t\t<\/section>\n\t\t\t\t<section class=\"elementor-section elementor-top-section elementor-element elementor-element-d2795bf elementor-section-boxed elementor-section-height-default elementor-section-height-default\" data-id=\"d2795bf\" data-element_type=\"section\">\n\t\t\t\t\t\t<div class=\"elementor-container elementor-column-gap-default\">\n\t\t\t\t\t<div class=\"elementor-column elementor-col-100 elementor-top-column elementor-element elementor-element-45618a1\" data-id=\"45618a1\" data-element_type=\"column\">\n\t\t\t<div class=\"elementor-widget-wrap elementor-element-populated\">\n\t\t\t\t\t\t<div class=\"elementor-element elementor-element-485801d elementor-widget elementor-widget-html\" data-id=\"485801d\" data-element_type=\"widget\" data-widget_type=\"html.default\">\n\t\t\t\t<div class=\"elementor-widget-container\">\n\t\t\t\t\t<section class=\"cta-section\">\r\n  <div class=\"cta-container\">\r\n    <h2>Suchen Sie nach zuverl\u00e4ssiger rechtlicher Beratung zur Unterst\u00fctzung Ihres Unternehmens?<\/h2>\r\n    <p>\r\n      Pr\u00e4zise rechtliche L\u00f6sungen, die Sie lokal und international sch\u00fctzen und die vollst\u00e4ndige Einhaltung internationaler Standards und Vorschriften gew\u00e4hrleisten.\r\n    <\/p>\r\n    <div class=\"cta-buttons\">\r\n      <a href=\"#consultation\" class=\"btn primary\">Beratung starten<\/a>\r\n      <a href=\"#services\" class=\"btn secondary\">Unsere Dienstleistungen entdecken<\/a>\r\n      <a href=\"https:\/\/wa.me\/201234567890\" target=\"_blank\" class=\"btn whatsapp\">\r\n        <i class=\"fab fa-whatsapp\"><\/i> \u00dcber WhatsApp chatten\r\n      <\/a>\r\n    <\/div>\r\n  <\/div>\r\n<\/section>\r\n\r\n\t\t\t\t<\/div>\n\t\t\t\t<\/div>\n\t\t\t\t\t<\/div>\n\t\t<\/div>\n\t\t\t\t\t<\/div>\n\t\t<\/section>\n\t\t\t\t<\/div>","protected":false},"excerpt":{"rendered":"<p>Smart Investment Solutions At Al Raheely Law Firm, we provide investors with trusted legal frameworks and tailored advisory that ensure secure and profitable investment opportunities across Egypt, the Gulf, and Europe. Investment Sectors Explore diverse opportunities across Egypt and the region. Agriculture Opportunities for land reclamation, farming, and export-oriented agriculture. Mining Investments in minerals, marble, [&hellip;]<\/p>","protected":false},"author":1,"featured_media":0,"parent":0,"menu_order":0,"comment_status":"closed","ping_status":"closed","template":"elementor_header_footer","meta":{"_joinchat":[],"footnotes":""},"class_list":["post-400","page","type-page","status-publish","hentry"],"blocksy_meta":[],"yoast_head":"<!-- This site is optimized with the Yoast SEO plugin v26.1.1 - https:\/\/yoast.com\/wordpress\/plugins\/seo\/ -->\n<title>Investment - Trusted Legal Excellence with 16+ years of experience, serving Egypt, the Gulf &amp; Europe \u2014 accredited by German, Swiss &amp; Austrian embassies.<\/title>\n<meta name=\"robots\" content=\"index, follow, max-snippet:-1, max-image-preview:large, max-video-preview:-1\" \/>\n<link rel=\"canonical\" href=\"https:\/\/alraheely.com\/de\/investment\/\" \/>\n<meta property=\"og:locale\" content=\"de_DE\" \/>\n<meta property=\"og:type\" content=\"article\" \/>\n<meta property=\"og:title\" content=\"Investment - Trusted Legal Excellence with 16+ years of experience, serving Egypt, the Gulf &amp; Europe \u2014 accredited by German, Swiss &amp; Austrian embassies.\" \/>\n<meta property=\"og:description\" content=\"Smart Investment Solutions At Al Raheely Law Firm, we provide investors with trusted legal frameworks and tailored advisory that ensure secure and profitable investment opportunities across Egypt, the Gulf, and Europe. Investment Sectors Explore diverse opportunities across Egypt and the region. Agriculture Opportunities for land reclamation, farming, and export-oriented agriculture. Mining Investments in minerals, marble, [&hellip;]\" \/>\n<meta property=\"og:url\" content=\"https:\/\/alraheely.com\/de\/investment\/\" \/>\n<meta property=\"og:site_name\" content=\"AL Raheely\" \/>\n<meta property=\"article:modified_time\" content=\"2025-10-04T14:10:19+00:00\" \/>\n<meta property=\"og:image\" content=\"https:\/\/alraheely.com\/wp-content\/uploads\/2025\/10\/\u0644\u0648\u062c\u0648-1.png\" \/>\n\t<meta property=\"og:image:width\" content=\"500\" \/>\n\t<meta property=\"og:image:height\" content=\"366\" \/>\n\t<meta property=\"og:image:type\" content=\"image\/png\" \/>\n<meta name=\"twitter:card\" content=\"summary_large_image\" \/>\n<meta name=\"twitter:label1\" content=\"Gesch\u00e4tzte Lesezeit\" \/>\n\t<meta name=\"twitter:data1\" content=\"2\u00a0Minuten\" \/>\n<script type=\"application\/ld+json\" class=\"yoast-schema-graph\">{\"@context\":\"https:\/\/schema.org\",\"@graph\":[{\"@type\":\"WebPage\",\"@id\":\"https:\/\/alraheely.com\/en\/investment\/\",\"url\":\"https:\/\/alraheely.com\/en\/investment\/\",\"name\":\"Investment - Trusted Legal Excellence with 16+ years of experience, serving Egypt, the Gulf &amp; Europe \u2014 accredited by German, Swiss &amp; Austrian embassies.\",\"isPartOf\":{\"@id\":\"https:\/\/alraheely.com\/#website\"},\"datePublished\":\"2025-09-25T18:41:31+00:00\",\"dateModified\":\"2025-10-04T14:10:19+00:00\",\"breadcrumb\":{\"@id\":\"https:\/\/alraheely.com\/en\/investment\/#breadcrumb\"},\"inLanguage\":\"de\",\"potentialAction\":[{\"@type\":\"ReadAction\",\"target\":[\"https:\/\/alraheely.com\/en\/investment\/\"]}]},{\"@type\":\"BreadcrumbList\",\"@id\":\"https:\/\/alraheely.com\/en\/investment\/#breadcrumb\",\"itemListElement\":[{\"@type\":\"ListItem\",\"position\":1,\"name\":\"Home\",\"item\":\"https:\/\/alraheely.com\/\"},{\"@type\":\"ListItem\",\"position\":2,\"name\":\"Investment\"}]},{\"@type\":\"WebSite\",\"@id\":\"https:\/\/alraheely.com\/#website\",\"url\":\"https:\/\/alraheely.com\/\",\"name\":\"Al Raheely Law Firm\",\"description\":\"Trusted Legal Excellence with 16+ years of experience, serving Egypt, the Gulf &amp; Europe \u2014 accredited by German, Swiss &amp; Austrian embassies.\",\"publisher\":{\"@id\":\"https:\/\/alraheely.com\/#organization\"},\"alternateName\":\"Al Raheely\",\"potentialAction\":[{\"@type\":\"SearchAction\",\"target\":{\"@type\":\"EntryPoint\",\"urlTemplate\":\"https:\/\/alraheely.com\/?s={search_term_string}\"},\"query-input\":{\"@type\":\"PropertyValueSpecification\",\"valueRequired\":true,\"valueName\":\"search_term_string\"}}],\"inLanguage\":\"de\"},{\"@type\":\"Organization\",\"@id\":\"https:\/\/alraheely.com\/#organization\",\"name\":\"Al Raheely Law Firm\",\"url\":\"https:\/\/alraheely.com\/\",\"logo\":{\"@type\":\"ImageObject\",\"inLanguage\":\"de\",\"@id\":\"https:\/\/alraheely.com\/#\/schema\/logo\/image\/\",\"url\":\"https:\/\/alraheely.com\/wp-content\/uploads\/2025\/10\/\u0644\u0648\u062c\u0648-1.png\",\"contentUrl\":\"https:\/\/alraheely.com\/wp-content\/uploads\/2025\/10\/\u0644\u0648\u062c\u0648-1.png\",\"width\":500,\"height\":366,\"caption\":\"Al Raheely Law Firm\"},\"image\":{\"@id\":\"https:\/\/alraheely.com\/#\/schema\/logo\/image\/\"}}]}<\/script>\n<!-- \/ Yoast SEO plugin. -->","yoast_head_json":{"title":"Investment - Trusted Legal Excellence with 16+ years of experience, serving Egypt, the Gulf &amp; Europe \u2014 accredited by German, Swiss &amp; Austrian embassies.","robots":{"index":"index","follow":"follow","max-snippet":"max-snippet:-1","max-image-preview":"max-image-preview:large","max-video-preview":"max-video-preview:-1"},"canonical":"https:\/\/alraheely.com\/de\/investment\/","og_locale":"de_DE","og_type":"article","og_title":"Investment - Trusted Legal Excellence with 16+ years of experience, serving Egypt, the Gulf &amp; Europe \u2014 accredited by German, Swiss &amp; Austrian embassies.","og_description":"Smart Investment Solutions At Al Raheely Law Firm, we provide investors with trusted legal frameworks and tailored advisory that ensure secure and profitable investment opportunities across Egypt, the Gulf, and Europe. Investment Sectors Explore diverse opportunities across Egypt and the region. Agriculture Opportunities for land reclamation, farming, and export-oriented agriculture. Mining Investments in minerals, marble, [&hellip;]","og_url":"https:\/\/alraheely.com\/de\/investment\/","og_site_name":"AL Raheely","article_modified_time":"2025-10-04T14:10:19+00:00","og_image":[{"width":500,"height":366,"url":"https:\/\/alraheely.com\/wp-content\/uploads\/2025\/10\/\u0644\u0648\u062c\u0648-1.png","type":"image\/png"}],"twitter_card":"summary_large_image","twitter_misc":{"Gesch\u00e4tzte Lesezeit":"2\u00a0Minuten"},"schema":{"@context":"https:\/\/schema.org","@graph":[{"@type":"WebPage","@id":"https:\/\/alraheely.com\/en\/investment\/","url":"https:\/\/alraheely.com\/en\/investment\/","name":"Investment - Trusted Legal Excellence with 16+ years of experience, serving Egypt, the Gulf &amp; Europe \u2014 accredited by German, Swiss &amp; Austrian embassies.","isPartOf":{"@id":"https:\/\/alraheely.com\/#website"},"datePublished":"2025-09-25T18:41:31+00:00","dateModified":"2025-10-04T14:10:19+00:00","breadcrumb":{"@id":"https:\/\/alraheely.com\/en\/investment\/#breadcrumb"},"inLanguage":"de","potentialAction":[{"@type":"ReadAction","target":["https:\/\/alraheely.com\/en\/investment\/"]}]},{"@type":"BreadcrumbList","@id":"https:\/\/alraheely.com\/en\/investment\/#breadcrumb","itemListElement":[{"@type":"ListItem","position":1,"name":"Home","item":"https:\/\/alraheely.com\/"},{"@type":"ListItem","position":2,"name":"Investment"}]},{"@type":"WebSite","@id":"https:\/\/alraheely.com\/#website","url":"https:\/\/alraheely.com\/","name":"der Al Raheely Law Firm","description":"Trusted Legal Excellence with 16+ years of experience, serving Egypt, the Gulf &amp; Europe \u2014 accredited by German, Swiss &amp; Austrian embassies.","publisher":{"@id":"https:\/\/alraheely.com\/#organization"},"alternateName":"Al Raheely","potentialAction":[{"@type":"SearchAction","target":{"@type":"EntryPoint","urlTemplate":"https:\/\/alraheely.com\/?s={search_term_string}"},"query-input":{"@type":"PropertyValueSpecification","valueRequired":true,"valueName":"search_term_string"}}],"inLanguage":"de"},{"@type":"Organization","@id":"https:\/\/alraheely.com\/#organization","name":"der Al Raheely Law Firm","url":"https:\/\/alraheely.com\/","logo":{"@type":"ImageObject","inLanguage":"de","@id":"https:\/\/alraheely.com\/#\/schema\/logo\/image\/","url":"https:\/\/alraheely.com\/wp-content\/uploads\/2025\/10\/\u0644\u0648\u062c\u0648-1.png","contentUrl":"https:\/\/alraheely.com\/wp-content\/uploads\/2025\/10\/\u0644\u0648\u062c\u0648-1.png","width":500,"height":366,"caption":"Al Raheely Law Firm"},"image":{"@id":"https:\/\/alraheely.com\/#\/schema\/logo\/image\/"}}]}},"_links":{"self":[{"href":"https:\/\/alraheely.com\/de\/wp-json\/wp\/v2\/pages\/400","targetHints":{"allow":["GET"]}}],"collection":[{"href":"https:\/\/alraheely.com\/de\/wp-json\/wp\/v2\/pages"}],"about":[{"href":"https:\/\/alraheely.com\/de\/wp-json\/wp\/v2\/types\/page"}],"author":[{"embeddable":true,"href":"https:\/\/alraheely.com\/de\/wp-json\/wp\/v2\/users\/1"}],"replies":[{"embeddable":true,"href":"https:\/\/alraheely.com\/de\/wp-json\/wp\/v2\/comments?post=400"}],"version-history":[{"count":0,"href":"https:\/\/alraheely.com\/de\/wp-json\/wp\/v2\/pages\/400\/revisions"}],"wp:attachment":[{"href":"https:\/\/alraheely.com\/de\/wp-json\/wp\/v2\/media?parent=400"}],"curies":[{"name":"wp","href":"https:\/\/api.w.org\/{rel}","templated":true}]}}