{"id":398,"date":"2025-09-25T18:41:18","date_gmt":"2025-09-25T18:41:18","guid":{"rendered":"https:\/\/alraheely.com\/?page_id=398"},"modified":"2026-04-09T12:29:13","modified_gmt":"2026-04-09T12:29:13","slug":"services","status":"publish","type":"page","link":"https:\/\/alraheely.com\/de\/services\/","title":{"rendered":"Dienstleistungen"},"content":{"rendered":"<div data-elementor-type=\"wp-page\" data-elementor-id=\"398\" class=\"elementor elementor-398\" data-elementor-post-type=\"page\">\n\t\t\t\t\t\t<section class=\"elementor-section elementor-top-section elementor-element elementor-element-dd0dae6 elementor-section-boxed elementor-section-height-default elementor-section-height-default\" data-id=\"dd0dae6\" data-element_type=\"section\">\n\t\t\t\t\t\t<div class=\"elementor-container elementor-column-gap-default\">\n\t\t\t\t\t<div class=\"elementor-column elementor-col-100 elementor-top-column elementor-element elementor-element-541a88a\" data-id=\"541a88a\" data-element_type=\"column\">\n\t\t\t<div class=\"elementor-widget-wrap elementor-element-populated\">\n\t\t\t\t\t\t<div class=\"elementor-element elementor-element-1020585 elementor-widget elementor-widget-html\" data-id=\"1020585\" data-element_type=\"widget\" data-widget_type=\"html.default\">\n\t\t\t\t<div class=\"elementor-widget-container\">\n\t\t\t\t\t<section class=\"services-intro\">\r\n  <div class=\"services-intro-inner\">\r\n    <h1>Unsere <span class=\"highlight-intro\">Dienstleistungen<\/span><\/h1>\r\n    <p>\r\n      Wir bieten ein breites Spektrum an juristischen Dienstleistungen, die auf Unternehmen, Privatpersonen und internationale Mandanten zugeschnitten sind \u2013 ausgef\u00fchrt mit Professionalit\u00e4t, Integrit\u00e4t und Exzellenz.\r\n    <\/p>\r\n  <\/div>\r\n<\/section>\r\n\t\t\t\t<\/div>\n\t\t\t\t<\/div>\n\t\t\t\t\t<\/div>\n\t\t<\/div>\n\t\t\t\t\t<\/div>\n\t\t<\/section>\n\t\t\t\t<section class=\"elementor-section elementor-top-section elementor-element elementor-element-4bf8d32 elementor-section-boxed elementor-section-height-default elementor-section-height-default\" data-id=\"4bf8d32\" data-element_type=\"section\">\n\t\t\t\t\t\t<div class=\"elementor-container elementor-column-gap-default\">\n\t\t\t\t\t<div class=\"elementor-column elementor-col-100 elementor-top-column elementor-element elementor-element-b2f9b45\" data-id=\"b2f9b45\" data-element_type=\"column\">\n\t\t\t<div class=\"elementor-widget-wrap elementor-element-populated\">\n\t\t\t\t\t\t<div class=\"elementor-element elementor-element-23e7ade elementor-widget elementor-widget-html\" data-id=\"23e7ade\" data-element_type=\"widget\" data-widget_type=\"html.default\">\n\t\t\t\t<div class=\"elementor-widget-container\">\n\t\t\t\t\t<link rel=\"stylesheet\" href=\"https:\/\/cdnjs.cloudflare.com\/ajax\/libs\/font-awesome\/6.4.0\/css\/all.min.css\">\r\n<section class=\"services-section\">\r\n  <h2 class=\"section-title\">Unsere Dienstleistungen<\/h2>\r\n\r\n  <div class=\"services-grid\">\r\n       <div class=\"service-card new-service\">\r\n      <span class=\"side-line\"><\/span>\r\n\r\n      <span class=\"badge-new\">Neu<\/span>\r\n\r\n      <div class=\"icon-circle\">\r\n        <i class=\"fas fa-globe\"><\/i>\r\n      <\/div>\r\n\r\n      <h3>Import- und Exportdienstleistungen<\/h3>\r\n\r\n      <p class=\"card-text\">\r\n        Unterst\u00fctzung bei der Lizenzierung und Gr\u00fcndung von Import-\/Exportunternehmen\u2026<span class=\"see-more\" onclick=\"openPopup()\">Mehr anzeigen<\/span>\r\n      <\/p>\r\n    <\/div>\r\n    <!-- 1 -->\r\n    <div class=\"service-card\">\r\n      <span class=\"side-line\"><\/span>\r\n      <div class=\"icon-circle\"><i class=\"fas fa-building\"><\/i><\/div>\r\n      <h3>Gesellschaftsrecht<\/h3>\r\n      <p>Unternehmensrestrukturierung, Fusionen und \u00dcbernahmen (M&amp;A) sowie Investorenberatung.<\/p>\r\n    <\/div>\r\n\r\n    <!-- 2 -->\r\n    <div class=\"service-card\">\r\n      <span class=\"side-line\"><\/span>\r\n      <div class=\"icon-circle\"><i class=\"fas fa-file-contract\"><\/i><\/div>\r\n      <h3>Vertragsrecht<\/h3>\r\n      <p>Erstellung von Franchise-, Fusions- und \u00dcbernahmevertr\u00e4gen.<\/p>\r\n    <\/div>\r\n\r\n    <!-- 3 -->\r\n    <div class=\"service-card\">\r\n      <span class=\"side-line\"><\/span>\r\n      <div class=\"icon-circle\"><i class=\"fas fa-gavel\"><\/i><\/div>\r\n      <h3>Prozessf\u00fchrung<\/h3>\r\n      <p>Representation in courts & arbitration.<\/p>\r\n    <\/div>\r\n\r\n    <!-- 4 -->\r\n    <div class=\"service-card\">\r\n      <span class=\"side-line\"><\/span>\r\n      <div class=\"icon-circle\"><i class=\"fas fa-globe\"><\/i><\/div>\r\n      <h3>Internationales Recht<\/h3>\r\n      <p>Beratung und Vertretung in Europa und den Golfstaaten.<\/p>\r\n    <\/div>\r\n\r\n    <!-- 5 -->\r\n    <div class=\"service-card\">\r\n      <span class=\"side-line\"><\/span>\r\n      <div class=\"icon-circle\"><i class=\"fas fa-home\"><\/i><\/div>\r\n      <h3>Immobilienrecht<\/h3>\r\n      <p>Immobilientransaktionen, Vertragsgestaltung und Streitbeilegung.<\/p>\r\n    <\/div>\r\n\r\n    <!-- 6 -->\r\n    <div class=\"service-card\">\r\n      <span class=\"side-line\"><\/span>\r\n      <div class=\"icon-circle\"><i class=\"fas fa-balance-scale\"><\/i><\/div>\r\n      <h3>Schiedsgerichtsbarkeit<\/h3>\r\n      <p>Faire Vertretung in nationalen und internationalen Schiedsverfahren.<\/p>\r\n    <\/div>\r\n\r\n    <!-- 7 -->\r\n    <div class=\"service-card\">\r\n      <span class=\"side-line\"><\/span>\r\n      <div class=\"icon-circle\"><i class=\"fas fa-handshake\"><\/i><\/div>\r\n      <h3>Unternehmensberatung<\/h3>\r\n      <p>Beratung f\u00fcr Unternehmen und internationale Institutionen.<\/p>\r\n    <\/div>\r\n\r\n    <!-- 8 -->\r\n    <div class=\"service-card\">\r\n      <span class=\"side-line\"><\/span>\r\n      <div class=\"icon-circle\"><i class=\"fas fa-user-shield\"><\/i><\/div>\r\n      <h3>Familienrecht<\/h3>\r\n      <p>Rechtliche Unterst\u00fctzung in Familien-, Sorgerechts- und Erbschaftsangelegenheiten.<\/p>\r\n    <\/div>\r\n\r\n    <!-- 9 -->\r\n    <div class=\"service-card\">\r\n      <span class=\"side-line\"><\/span>\r\n      <div class=\"icon-circle\"><i class=\"fas fa-briefcase\"><\/i><\/div>\r\n      <h3>Arbeitsrecht<\/h3>\r\n      <p>Schutz der Rechte von Arbeitgebern und Arbeitnehmern unter Einhaltung gesetzlicher Vorschriften.<\/p>\r\n    <\/div>\r\n  <\/div>\r\n<\/section>\r\n<!-- POPUP -->\r\n<div class=\"popup-overlay\" id=\"servicePopup\">\r\n  <div class=\"popup-content\">\r\n\r\n    <span class=\"close-popup\" onclick=\"closePopup()\">&times;<\/span>\r\n\r\n    <h2>Import- und Exportinvestitionen<\/h2>\r\n\r\n    <div class=\"popup-section\">\r\n      <p>\r\n        Import- und Exportunternehmen geh\u00f6ren zu den gefragtesten Gesch\u00e4ftsmodellen in \u00c4gypten, doch die Lizenzierung ist komplex und zeitaufwendig.\r\n      <\/p>\r\n    <\/div>\r\n\r\n    <div class=\"popup-highlight\">\r\n      <i class=\"fas fa-chart-line\"><\/i>\r\n      <span>Attraktive Investitionsm\u00f6glichkeit mit hoher Nachfrage und starkem Wiederverkaufswert<\/span>\r\n    <\/div>\r\n\r\n    <div class=\"popup-section\">\r\n      <p>\r\n        Wir begleiten Investoren von der Gr\u00fcndung bis zum vollst\u00e4ndigen Betrieb und sorgen f\u00fcr einen reibungslosen Lizenzierungsprozess \u2013 sowohl lokal als auch international.\r\n      <\/p>\r\n    <\/div>\r\n\r\n    <a href=\"\/de\/#contact-us\" class=\"popup-btn\">Kontaktieren Sie uns<\/a>\r\n\r\n  <\/div>\r\n<\/div>\r\n<script>\r\nfunction openPopup() {\r\n  document.getElementById(\"servicePopup\").classList.add(\"active\");\r\n}\r\n\r\nfunction closePopup() {\r\n  document.getElementById(\"servicePopup\").classList.remove(\"active\");\r\n}\r\n\r\n\/* close when click outside *\/\r\ndocument.getElementById(\"servicePopup\").addEventListener(\"click\", function(e){\r\n  if(e.target === this){\r\n    closePopup();\r\n  }\r\n});\r\n\r\n\/* close when click on Contact button *\/\r\ndocument.querySelector(\".popup-btn\").addEventListener(\"click\", function(){\r\n  closePopup();\r\n});\r\n<\/script>\r\n\t\t\t\t<\/div>\n\t\t\t\t<\/div>\n\t\t\t\t\t<\/div>\n\t\t<\/div>\n\t\t\t\t\t<\/div>\n\t\t<\/section>\n\t\t\t\t<section class=\"elementor-section elementor-top-section elementor-element elementor-element-ce4bd2d elementor-section-boxed elementor-section-height-default elementor-section-height-default\" data-id=\"ce4bd2d\" data-element_type=\"section\">\n\t\t\t\t\t\t<div class=\"elementor-container elementor-column-gap-default\">\n\t\t\t\t\t<div class=\"elementor-column elementor-col-100 elementor-top-column elementor-element elementor-element-fca6593\" data-id=\"fca6593\" data-element_type=\"column\">\n\t\t\t<div class=\"elementor-widget-wrap elementor-element-populated\">\n\t\t\t\t\t\t<div class=\"elementor-element elementor-element-0232f6f elementor-widget elementor-widget-html\" data-id=\"0232f6f\" data-element_type=\"widget\" data-widget_type=\"html.default\">\n\t\t\t\t<div class=\"elementor-widget-container\">\n\t\t\t\t\t<section class=\"services-timeline\">\r\n  <h2 class=\"section-title\">Unsere Arbeitsweise<\/h2>\r\n  <p class=\"section-subtitle\">Unser Prozess gew\u00e4hrleistet Klarheit, Professionalit\u00e4t und vertrauensw\u00fcrdige Ergebnisse.<\/p>\r\n\r\n  <div class=\"timeline\">\r\n\r\n    <div class=\"timeline-item\">\r\n      <div class=\"timeline-icon\">1<\/div>\r\n      <div class=\"timeline-content\">\r\n        <h3> Erstberatung<\/h3>\r\n        <p>Wir beginnen mit einer ausf\u00fchrlichen Beratung, um Ihre Bed\u00fcrfnisse zu verstehen und eine ma\u00dfgeschneiderte rechtliche Betreuung zu bieten.<\/p>\r\n      <\/div>\r\n    <\/div>\r\n\r\n    <div class=\"timeline-item\">\r\n      <div class=\"timeline-icon\">2<\/div>\r\n      <div class=\"timeline-content\">\r\n        <h3> Fallanalyse<\/h3>\r\n        <p>Unsere Experten f\u00fchren eine gr\u00fcndliche Recherche und rechtliche Bewertung durch, um die beste Strategie festzulegen.<\/p>\r\n      <\/div>\r\n    <\/div>\r\n\r\n    <div class=\"timeline-item\">\r\n      <div class=\"timeline-icon\">3<\/div>\r\n      <div class=\"timeline-content\">\r\n        <h3> Aktionsplan<\/h3>\r\n        <p>Wir entwickeln einen klaren Aktionsplan mit transparenten Schritten und Zeitrahmen.<\/p>\r\n      <\/div>\r\n    <\/div>\r\n\r\n    <div class=\"timeline-item\">\r\n      <div class=\"timeline-icon\">4<\/div>\r\n      <div class=\"timeline-content\">\r\n        <h3>Vertretung<\/h3>\r\n        <p>Unser Team bietet eine umfassende Vertretung vor Gerichten, in Verhandlungen oder Schiedsverfahren.<\/p>\r\n      <\/div>\r\n    <\/div>\r\n\r\n    <div class=\"timeline-item\">\r\n      <div class=\"timeline-icon\">5<\/div>\r\n      <div class=\"timeline-content\">\r\n        <h3> Laufende Unterst\u00fctzung<\/h3>\r\n        <p>Wir pflegen starke Mandantenbeziehungen durch kontinuierliche Betreuung und Nachbetreuungsdienste.<\/p>\r\n      <\/div>\r\n    <\/div>\r\n\r\n  <\/div>\r\n<\/section>\r\n\t\t\t\t<\/div>\n\t\t\t\t<\/div>\n\t\t\t\t\t<\/div>\n\t\t<\/div>\n\t\t\t\t\t<\/div>\n\t\t<\/section>\n\t\t\t\t<section class=\"elementor-section elementor-top-section elementor-element elementor-element-6380994 elementor-section-boxed elementor-section-height-default elementor-section-height-default\" data-id=\"6380994\" data-element_type=\"section\">\n\t\t\t\t\t\t<div class=\"elementor-container elementor-column-gap-default\">\n\t\t\t\t\t<div class=\"elementor-column elementor-col-100 elementor-top-column elementor-element elementor-element-b477685\" data-id=\"b477685\" data-element_type=\"column\">\n\t\t\t<div class=\"elementor-widget-wrap elementor-element-populated\">\n\t\t\t\t\t\t<div class=\"elementor-element elementor-element-a54b398 elementor-widget elementor-widget-html\" data-id=\"a54b398\" data-element_type=\"widget\" data-no-translation=\"\" data-widget_type=\"html.default\">\n\t\t\t\t<div class=\"elementor-widget-container\">\n\t\t\t\t\t<style>.elementor-element-a54b398{display:none !important}<\/style>\t\t\t\t<\/div>\n\t\t\t\t<\/div>\n\t\t\t\t<div class=\"elementor-element elementor-element-0a25de3 elementor-widget elementor-widget-html\" data-id=\"0a25de3\" data-element_type=\"widget\" data-no-translation=\"\" data-widget_type=\"html.default\">\n\t\t\t\t<div class=\"elementor-widget-container\">\n\t\t\t\t\t<section class=\"why-services\">\r\n  <div class=\"why-container\">\r\n    <h2 class=\"section-title\">Warum Sie sich f\u00fcr unsere Dienstleistungen entscheiden sollten<\/h2>\r\n    <p class=\"section-subtitle\">\r\n     Wir gehen \u00fcber herk\u00f6mmliche juristische Dienstleistungen hinaus, indem wir vertrauensw\u00fcrdige Fachkompetenz, internationale Anerkennung und einen mandantenorientierten Ansatz bieten.\r\n    <\/p>\r\n\r\n    <div class=\"why-grid\">\r\n      <div class=\"why-card\">\r\n        <i class=\"fas fa-award\"><\/i>\r\n        <h3>Bew\u00e4hrte Fachkompetenz<\/h3>\r\n        <p>\u00dcber 16 Jahre Erfahrung im Zivil-, Handels- und Schiedsrecht.<\/p>\r\n      <\/div>\r\n\r\n      <div class=\"why-card\">\r\n        <i class=\"fas fa-globe\"><\/i>\r\n        <h3>Internationale Anerkennung<\/h3>\r\n        <p>Anerkannt von wichtigen europ\u00e4ischen Botschaften, darunter deutschen und schweizerischen Beh\u00f6rden.<\/p>\r\n      <\/div>\r\n\r\n      <div class=\"why-card\">\r\n        <i class=\"fas fa-language\"><\/i>\r\n        <h3>Mehrsprachige Dienstleistungen<\/h3>\r\n        <p>Rechtsberatung in Arabisch, Englisch und Deutsch f\u00fcr vielf\u00e4ltige Mandanten.<\/p>\r\n      <\/div>\r\n\r\n      <div class=\"why-card\">\r\n        <i class=\"fas fa-handshake\"><\/i>\r\n        <h3>Mandantenorientiert<\/h3>\r\n        <p>Wir legen gr\u00f6\u00dften Wert auf Transparenz, Vertrauen und langfristige Beziehungen zu jedem Mandanten.<\/p>\r\n      <\/div>\r\n    <\/div>\r\n  <\/div>\r\n<\/section>\r\n\t\t\t\t<\/div>\n\t\t\t\t<\/div>\n\t\t\t\t\t<\/div>\n\t\t<\/div>\n\t\t\t\t\t<\/div>\n\t\t<\/section>\n\t\t\t\t<section class=\"elementor-section elementor-top-section elementor-element elementor-element-b4d3975 elementor-section-boxed elementor-section-height-default elementor-section-height-default\" data-id=\"b4d3975\" data-element_type=\"section\">\n\t\t\t\t\t\t<div class=\"elementor-container elementor-column-gap-default\">\n\t\t\t\t\t<div class=\"elementor-column elementor-col-100 elementor-top-column elementor-element elementor-element-1126325\" data-id=\"1126325\" data-element_type=\"column\">\n\t\t\t<div class=\"elementor-widget-wrap elementor-element-populated\">\n\t\t\t\t\t\t<div class=\"elementor-element elementor-element-9c50045 elementor-widget elementor-widget-html\" data-id=\"9c50045\" data-element_type=\"widget\" data-widget_type=\"html.default\">\n\t\t\t\t<div class=\"elementor-widget-container\">\n\t\t\t\t\t<section class=\"cta-section\">\r\n  <div class=\"cta-container\">\r\n    <h2>Suchen Sie nach zuverl\u00e4ssiger rechtlicher Beratung zur Unterst\u00fctzung Ihres Unternehmens?<\/h2>\r\n    <p>\r\n      Pr\u00e4zise rechtliche L\u00f6sungen, die Sie lokal und international sch\u00fctzen und die vollst\u00e4ndige Einhaltung internationaler Standards und Vorschriften gew\u00e4hrleisten.\r\n    <\/p>\r\n    <div class=\"cta-buttons\">\r\n      <a href=\"#consultation\" class=\"btn primary\">Beratung starten<\/a>\r\n      <a href=\"#services\" class=\"btn secondary\">Unsere Dienstleistungen entdecken<\/a>\r\n      <a href=\"https:\/\/wa.me\/201234567890\" target=\"_blank\" class=\"btn whatsapp\">\r\n        <i class=\"fab fa-whatsapp\"><\/i> \u00dcber WhatsApp chatten\r\n      <\/a>\r\n    <\/div>\r\n  <\/div>\r\n<\/section>\r\n\r\n\t\t\t\t<\/div>\n\t\t\t\t<\/div>\n\t\t\t\t\t<\/div>\n\t\t<\/div>\n\t\t\t\t\t<\/div>\n\t\t<\/section>\n\t\t\t\t<\/div>","protected":false},"excerpt":{"rendered":"<p>Our Services We offer a wide range of legal services tailored for businesses, individuals, and international clients \u2014 delivered with professionalism, integrity, and excellence. Our Services NEW Import &#038; Export Services Support in licensing and establishing import\/export companies&#8230;See more Corporate Law Company restructuring, M&#038;A, and investor advisory. Contracts Drafting franchise, merger &#038; acquisition contracts. Litigation [&hellip;]<\/p>","protected":false},"author":1,"featured_media":0,"parent":0,"menu_order":0,"comment_status":"closed","ping_status":"closed","template":"elementor_header_footer","meta":{"_joinchat":[],"footnotes":""},"class_list":["post-398","page","type-page","status-publish","hentry"],"blocksy_meta":[],"yoast_head":"<!-- This site is optimized with the Yoast SEO plugin v26.1.1 - https:\/\/yoast.com\/wordpress\/plugins\/seo\/ -->\n<title>Services - Trusted Legal Excellence with 16+ years of experience, serving Egypt, the Gulf &amp; Europe \u2014 accredited by German, Swiss &amp; Austrian embassies.<\/title>\n<meta name=\"robots\" content=\"index, follow, max-snippet:-1, max-image-preview:large, max-video-preview:-1\" \/>\n<link rel=\"canonical\" href=\"https:\/\/alraheely.com\/de\/services\/\" \/>\n<meta property=\"og:locale\" content=\"de_DE\" \/>\n<meta property=\"og:type\" content=\"article\" \/>\n<meta property=\"og:title\" content=\"Services - Trusted Legal Excellence with 16+ years of experience, serving Egypt, the Gulf &amp; Europe \u2014 accredited by German, Swiss &amp; Austrian embassies.\" \/>\n<meta property=\"og:description\" content=\"Our Services We offer a wide range of legal services tailored for businesses, individuals, and international clients \u2014 delivered with professionalism, integrity, and excellence. Our Services NEW Import &#038; Export Services Support in licensing and establishing import\/export companies&#8230;See more Corporate Law Company restructuring, M&#038;A, and investor advisory. Contracts Drafting franchise, merger &#038; acquisition contracts. Litigation [&hellip;]\" \/>\n<meta property=\"og:url\" content=\"https:\/\/alraheely.com\/de\/services\/\" \/>\n<meta property=\"og:site_name\" content=\"AL Raheely\" \/>\n<meta property=\"article:modified_time\" content=\"2026-04-09T12:29:13+00:00\" \/>\n<meta property=\"og:image\" content=\"https:\/\/alraheely.com\/wp-content\/uploads\/2025\/10\/\u0644\u0648\u062c\u0648-1.png\" \/>\n\t<meta property=\"og:image:width\" content=\"500\" \/>\n\t<meta property=\"og:image:height\" content=\"366\" \/>\n\t<meta property=\"og:image:type\" content=\"image\/png\" \/>\n<meta name=\"twitter:card\" content=\"summary_large_image\" \/>\n<meta name=\"twitter:label1\" content=\"Gesch\u00e4tzte Lesezeit\" \/>\n\t<meta name=\"twitter:data1\" content=\"2\u00a0Minuten\" \/>\n<script type=\"application\/ld+json\" class=\"yoast-schema-graph\">{\"@context\":\"https:\/\/schema.org\",\"@graph\":[{\"@type\":\"WebPage\",\"@id\":\"https:\/\/alraheely.com\/services\/\",\"url\":\"https:\/\/alraheely.com\/services\/\",\"name\":\"Services - Trusted Legal Excellence with 16+ years of experience, serving Egypt, the Gulf &amp; Europe \u2014 accredited by German, Swiss &amp; Austrian embassies.\",\"isPartOf\":{\"@id\":\"https:\/\/alraheely.com\/#website\"},\"datePublished\":\"2025-09-25T18:41:18+00:00\",\"dateModified\":\"2026-04-09T12:29:13+00:00\",\"breadcrumb\":{\"@id\":\"https:\/\/alraheely.com\/services\/#breadcrumb\"},\"inLanguage\":\"de\",\"potentialAction\":[{\"@type\":\"ReadAction\",\"target\":[\"https:\/\/alraheely.com\/services\/\"]}]},{\"@type\":\"BreadcrumbList\",\"@id\":\"https:\/\/alraheely.com\/services\/#breadcrumb\",\"itemListElement\":[{\"@type\":\"ListItem\",\"position\":1,\"name\":\"Home\",\"item\":\"https:\/\/alraheely.com\/\"},{\"@type\":\"ListItem\",\"position\":2,\"name\":\"Services\"}]},{\"@type\":\"WebSite\",\"@id\":\"https:\/\/alraheely.com\/#website\",\"url\":\"https:\/\/alraheely.com\/\",\"name\":\"Al Raheely Law Firm\",\"description\":\"Trusted Legal Excellence with 16+ years of experience, serving Egypt, the Gulf &amp; Europe \u2014 accredited by German, Swiss &amp; Austrian embassies.\",\"publisher\":{\"@id\":\"https:\/\/alraheely.com\/#organization\"},\"alternateName\":\"Al Raheely\",\"potentialAction\":[{\"@type\":\"SearchAction\",\"target\":{\"@type\":\"EntryPoint\",\"urlTemplate\":\"https:\/\/alraheely.com\/?s={search_term_string}\"},\"query-input\":{\"@type\":\"PropertyValueSpecification\",\"valueRequired\":true,\"valueName\":\"search_term_string\"}}],\"inLanguage\":\"de\"},{\"@type\":\"Organization\",\"@id\":\"https:\/\/alraheely.com\/#organization\",\"name\":\"Al Raheely Law Firm\",\"url\":\"https:\/\/alraheely.com\/\",\"logo\":{\"@type\":\"ImageObject\",\"inLanguage\":\"de\",\"@id\":\"https:\/\/alraheely.com\/#\/schema\/logo\/image\/\",\"url\":\"https:\/\/alraheely.com\/wp-content\/uploads\/2025\/10\/\u0644\u0648\u062c\u0648-1.png\",\"contentUrl\":\"https:\/\/alraheely.com\/wp-content\/uploads\/2025\/10\/\u0644\u0648\u062c\u0648-1.png\",\"width\":500,\"height\":366,\"caption\":\"Al Raheely Law Firm\"},\"image\":{\"@id\":\"https:\/\/alraheely.com\/#\/schema\/logo\/image\/\"}}]}<\/script>\n<!-- \/ Yoast SEO plugin. -->","yoast_head_json":{"title":"Services - Trusted Legal Excellence with 16+ years of experience, serving Egypt, the Gulf &amp; Europe \u2014 accredited by German, Swiss &amp; Austrian embassies.","robots":{"index":"index","follow":"follow","max-snippet":"max-snippet:-1","max-image-preview":"max-image-preview:large","max-video-preview":"max-video-preview:-1"},"canonical":"https:\/\/alraheely.com\/de\/services\/","og_locale":"de_DE","og_type":"article","og_title":"Services - Trusted Legal Excellence with 16+ years of experience, serving Egypt, the Gulf &amp; Europe \u2014 accredited by German, Swiss &amp; Austrian embassies.","og_description":"Our Services We offer a wide range of legal services tailored for businesses, individuals, and international clients \u2014 delivered with professionalism, integrity, and excellence. Our Services NEW Import &#038; Export Services Support in licensing and establishing import\/export companies&#8230;See more Corporate Law Company restructuring, M&#038;A, and investor advisory. Contracts Drafting franchise, merger &#038; acquisition contracts. Litigation [&hellip;]","og_url":"https:\/\/alraheely.com\/de\/services\/","og_site_name":"AL Raheely","article_modified_time":"2026-04-09T12:29:13+00:00","og_image":[{"width":500,"height":366,"url":"https:\/\/alraheely.com\/wp-content\/uploads\/2025\/10\/\u0644\u0648\u062c\u0648-1.png","type":"image\/png"}],"twitter_card":"summary_large_image","twitter_misc":{"Gesch\u00e4tzte Lesezeit":"2\u00a0Minuten"},"schema":{"@context":"https:\/\/schema.org","@graph":[{"@type":"WebPage","@id":"https:\/\/alraheely.com\/services\/","url":"https:\/\/alraheely.com\/services\/","name":"Services - Trusted Legal Excellence with 16+ years of experience, serving Egypt, the Gulf &amp; Europe \u2014 accredited by German, Swiss &amp; Austrian embassies.","isPartOf":{"@id":"https:\/\/alraheely.com\/#website"},"datePublished":"2025-09-25T18:41:18+00:00","dateModified":"2026-04-09T12:29:13+00:00","breadcrumb":{"@id":"https:\/\/alraheely.com\/services\/#breadcrumb"},"inLanguage":"de","potentialAction":[{"@type":"ReadAction","target":["https:\/\/alraheely.com\/services\/"]}]},{"@type":"BreadcrumbList","@id":"https:\/\/alraheely.com\/services\/#breadcrumb","itemListElement":[{"@type":"ListItem","position":1,"name":"Home","item":"https:\/\/alraheely.com\/"},{"@type":"ListItem","position":2,"name":"Services"}]},{"@type":"WebSite","@id":"https:\/\/alraheely.com\/#website","url":"https:\/\/alraheely.com\/","name":"der Al Raheely Law Firm","description":"Trusted Legal Excellence with 16+ years of experience, serving Egypt, the Gulf &amp; Europe \u2014 accredited by German, Swiss &amp; Austrian embassies.","publisher":{"@id":"https:\/\/alraheely.com\/#organization"},"alternateName":"Al Raheely","potentialAction":[{"@type":"SearchAction","target":{"@type":"EntryPoint","urlTemplate":"https:\/\/alraheely.com\/?s={search_term_string}"},"query-input":{"@type":"PropertyValueSpecification","valueRequired":true,"valueName":"search_term_string"}}],"inLanguage":"de"},{"@type":"Organization","@id":"https:\/\/alraheely.com\/#organization","name":"der Al Raheely Law Firm","url":"https:\/\/alraheely.com\/","logo":{"@type":"ImageObject","inLanguage":"de","@id":"https:\/\/alraheely.com\/#\/schema\/logo\/image\/","url":"https:\/\/alraheely.com\/wp-content\/uploads\/2025\/10\/\u0644\u0648\u062c\u0648-1.png","contentUrl":"https:\/\/alraheely.com\/wp-content\/uploads\/2025\/10\/\u0644\u0648\u062c\u0648-1.png","width":500,"height":366,"caption":"Al Raheely Law Firm"},"image":{"@id":"https:\/\/alraheely.com\/#\/schema\/logo\/image\/"}}]}},"_links":{"self":[{"href":"https:\/\/alraheely.com\/de\/wp-json\/wp\/v2\/pages\/398","targetHints":{"allow":["GET"]}}],"collection":[{"href":"https:\/\/alraheely.com\/de\/wp-json\/wp\/v2\/pages"}],"about":[{"href":"https:\/\/alraheely.com\/de\/wp-json\/wp\/v2\/types\/page"}],"author":[{"embeddable":true,"href":"https:\/\/alraheely.com\/de\/wp-json\/wp\/v2\/users\/1"}],"replies":[{"embeddable":true,"href":"https:\/\/alraheely.com\/de\/wp-json\/wp\/v2\/comments?post=398"}],"version-history":[{"count":10,"href":"https:\/\/alraheely.com\/de\/wp-json\/wp\/v2\/pages\/398\/revisions"}],"predecessor-version":[{"id":2014,"href":"https:\/\/alraheely.com\/de\/wp-json\/wp\/v2\/pages\/398\/revisions\/2014"}],"wp:attachment":[{"href":"https:\/\/alraheely.com\/de\/wp-json\/wp\/v2\/media?parent=398"}],"curies":[{"name":"wp","href":"https:\/\/api.w.org\/{rel}","templated":true}]}}